{"id":94,"date":"2017-12-29T18:03:41","date_gmt":"2017-12-29T17:03:41","guid":{"rendered":"http:\/\/abiball-fotografin.de\/?page_id=94"},"modified":"2022-11-13T13:37:35","modified_gmt":"2022-11-13T12:37:35","slug":"impressum","status":"publish","type":"page","link":"https:\/\/www.kt-coaching.de\/en\/impressum\/","title":{"rendered":"Impressum"},"content":{"rendered":"<section class=\"l-section wpb_row height_auto\"><div class=\"l-section-h i-cf\"><div class=\"g-cols vc_row via_flex valign_top type_default stacking_default\"><div class=\"vc_col-sm-12 wpb_column vc_column_container\"><div class=\"vc_column-inner\"><div class=\"wpb_wrapper\"><div class=\"ult-spacer spacer-69e3d6e6aed39\" data-id=\"69e3d6e6aed39\" data-height=\"50\" data-height-mobile=\"50\" data-height-tab=\"50\" data-height-tab-portrait=\"\" data-height-mobile-landscape=\"\" style=\"clear:both;display:block;\"><\/div><div class=\"wpb_text_column\"><div class=\"wpb_wrapper\"><h3><strong>IMPRESSUM<\/strong><\/h3>\n<\/div><\/div><div class=\"wpb_text_column\"><div class=\"wpb_wrapper\"><h6>KT COACHING &#038; CONSULTING<br \/>\nKatharina Th\u00fcnnihssen<br \/>\nAm Honigbaum 23<br \/>\n65817 Eppstein\/Taunus<\/h6>\n<h6><strong>T:<\/strong> +49 (0) 6198 \u2013 50 12 13<br \/>\nF: +49 (0) 6198 \u2013 50 07 97<br \/>\n<strong>M:<\/strong> +49 (0) 162 \u2013 98 75 969<br \/>\n<strong>E:\u00a0<\/strong> <a href=\"mailto:info@kt-coaching.de\">info@kt-coaching.de<\/a><br \/>\n<strong>I:<\/strong>\u00a0\u00a0\u00a0<a href=\"http:\/\/www.sichtstark.de\/\">www.kt-coaching.de<\/a><\/h6>\n<h6><strong>Steuer-Nr.:\u00a0<\/strong> 046 851 61561<br \/>\n<strong>UST-ID:\u00a0<\/strong> DE 211208943<\/h6>\n<h6>Bildnachweis und Webdesign:<br \/>\nTreudis Na\u00df\/SICHTSTARK fotodesign<br \/>\n<a href=\"http:\/\/www.sichtstark.de\">http:\/\/www.sichtstark.de<\/a><\/h6>\n<\/div><\/div><div class=\"ult-spacer spacer-69e3d6e6afc65\" data-id=\"69e3d6e6afc65\" data-height=\"30\" data-height-mobile=\"30\" data-height-tab=\"30\" data-height-tab-portrait=\"\" data-height-mobile-landscape=\"\" style=\"clear:both;display:block;\"><\/div><div class=\"wpb_text_column us_custom_432d3f53\"><div class=\"wpb_wrapper\"><div>\n<h4><strong>HAFTUNGSAUSSCHLUSS<\/strong><\/h4>\n<p>&nbsp;<\/p>\n<\/div>\n<div>\n<h6><strong>INHALTE<\/strong><\/h6>\n<h6>Diese Website bildet den tempor\u00e4ren Stand eines kontinuierlichen Arbeitsprozesses ab. Obwohl bei der Zusammenstellung der auf dieser Website enthaltenen Informationen gr\u00f6\u00dfte Sorgfalt angewandt wurde, kann ich f\u00fcr die Aktualit\u00e4t, Richtigkeit oder Vollst\u00e4ndigkeit keine Gew\u00e4hr \u00fcbernehmen. Haftungsanspr\u00fcche gegen mich, die sich auf Sch\u00e4den materieller oder ideeller Art beziehen, welche durch die Nutzung oder Nichtnutzung der dargebotenen Informationen oder durch fehlerhafte und unvollst\u00e4ndige Informationen verursacht wurden, sind grunds\u00e4tzlich ausgeschlossen, sofern von meiner Seite aus kein nachweislich vors\u00e4tzliches oder grob fahrl\u00e4ssiges Verschulden vorliegt. Ich behalte mir ausdr\u00fccklich das Recht vor, Teile der Seite oder das gesamte Angebot ohne vorherige Ank\u00fcndigung zu ver\u00e4ndern, zu erg\u00e4nzen, zu l\u00f6schen oder die Ver\u00f6ffentlichung einzustellen.<\/h6>\n<h6><strong>LINKS<\/strong><\/h6>\n<h6>Trotz sorgf\u00e4ltiger inhaltlicher Kontrolle \u00fcbernehmen ich keine Haftung f\u00fcr die Inhalte externer Links. Ich bin nicht verantwortlich f\u00fcr den Inhalt, die Verf\u00fcgbarkeit, die Richtigkeit und die Genauigkeit der verlinkten Seiten, deren Angebote, Links oder Werbeanzeigen. Ich hafte nicht f\u00fcr illegale, fehlerhafte oder unvollst\u00e4ndige Inhalte und insbesondere f\u00fcr Sch\u00e4den, die durch Nutzung oder Nichtnutzung der auf den verlinkten Seiten angebotenen Informationen entstehen. F\u00fcr den Inhalt der verlinkten Seiten sind ausschlie\u00dflich deren Betreiber verantwortlich.<\/h6>\n<h6><\/h6>\n<\/div>\n<\/div><\/div><div class=\"wpb_text_column us_custom_432d3f53\"><div class=\"wpb_wrapper\"><div><\/div>\n<div>\n<h6><strong>URHEBERRECHT<\/strong><\/h6>\n<h6>Ich bin bestrebt, in allen Publikationen geltende Urheberrechte zu beachten. Sollte es trotzdem zu einer Urheberrechtsverletzung kommen, werde ich das entsprechende Objekt nach Benachrichtigung aus ihrer Publikation entfernen bzw. mit dem entsprechenden Urheberrecht kenntlich machen. Alle innerhalb des Internetangebots genannten und gegebenenfalls durch Dritte gesch\u00fctzten Marken- und Warenzeichen unterliegen uneingeschr\u00e4nkt den Bestimmungen des jeweils g\u00fcltigen Kennzeichenrechts und den Besitzrechten der jeweiligen eingetragenen Eigent\u00fcmer. Allein aufgrund der blo\u00dfen Nennung ist nicht der Schluss zu ziehen, dass Markenzeichen nicht durch Rechte Dritter gesch\u00fctzt sind. Das Urheberrecht f\u00fcr die eigenen Inhalte von www.sichtstark.de liegt allein bei mir. Eine Vervielf\u00e4ltigung der Fotos, Grafiken, Sounds oder Texte in anderen elektronischen oder gedruckten Publikationen ist ohne ausdr\u00fcckliche schriftliche Zustimmung von mir nicht gestattet.<\/h6>\n<h6><strong>RECHTSWIRKSAMKEIT<\/strong><\/h6>\n<h6>Dieser Haftungsausschluss ist als Teil des Internetangebotes zu betrachten, von dem aus auf diese Seite verwiesen wurde. Sofern Teile oder einzelne Formulierungen dieses Textes der geltenden Rechtslage nicht, nicht mehr oder nicht vollst\u00e4ndig entsprechen sollten, bleiben die \u00fcbrigen Teile des Dokumentes in ihrem Inhalt und ihrer G\u00fcltigkeit hiervon unber\u00fchrt.<\/h6>\n<h6><strong>VIREN<\/strong><\/h6>\n<h6>Ich gebe keine Garantie f\u00fcr die Virenfreiheit von downloadbaren Elementen von\u00a0<a href=\"http:\/\/www.kt-coaching.de\">www.kt-coaching.de<\/a>. F\u00fcr Sch\u00e4den die durch, mit und vom Download oder durch den Gebrauch der zum Download stehenden Dateien entstehen, \u00fcbernehme ich keinerlei Haftung.<\/h6>\n<h6>Eppstein, August 2020<\/h6>\n<\/div>\n<\/div><\/div><div class=\"ult-spacer spacer-69e3d6e6b0188\" data-id=\"69e3d6e6b0188\" data-height=\"50\" data-height-mobile=\"50\" data-height-tab=\"50\" data-height-tab-portrait=\"\" data-height-mobile-landscape=\"\" style=\"clear:both;display:block;\"><\/div><\/div><\/div><\/div><\/div><\/div><\/section>\n","protected":false},"excerpt":{"rendered":"IMPRESSUM KT COACHING &#038; CONSULTING Katharina Th\u00fcnnihssen Am Honigbaum 23 65817 Eppstein\/Taunus T: +49 (0) 6198 \u2013 50 12 13 F: +49 (0) 6198 \u2013 50 07 97 M: +49 (0) 162 \u2013 98 75 969 E:\u00a0 info@kt-coaching.de I:\u00a0\u00a0\u00a0www.kt-coaching.de Steuer-Nr.:\u00a0 046 851 61561 UST-ID:\u00a0 DE 211208943 Bildnachweis und Webdesign: Treudis Na\u00df\/SICHTSTARK fotodesign http:\/\/www.sichtstark.de HAFTUNGSAUSSCHLUSS &nbsp;...","protected":false},"author":7,"featured_media":0,"parent":0,"menu_order":0,"comment_status":"closed","ping_status":"closed","template":"","meta":{"footnotes":""},"class_list":["post-94","page","type-page","status-publish","hentry"],"_links":{"self":[{"href":"https:\/\/www.kt-coaching.de\/en\/wp-json\/wp\/v2\/pages\/94","targetHints":{"allow":["GET"]}}],"collection":[{"href":"https:\/\/www.kt-coaching.de\/en\/wp-json\/wp\/v2\/pages"}],"about":[{"href":"https:\/\/www.kt-coaching.de\/en\/wp-json\/wp\/v2\/types\/page"}],"author":[{"embeddable":true,"href":"https:\/\/www.kt-coaching.de\/en\/wp-json\/wp\/v2\/users\/7"}],"replies":[{"embeddable":true,"href":"https:\/\/www.kt-coaching.de\/en\/wp-json\/wp\/v2\/comments?post=94"}],"version-history":[{"count":42,"href":"https:\/\/www.kt-coaching.de\/en\/wp-json\/wp\/v2\/pages\/94\/revisions"}],"predecessor-version":[{"id":7541,"href":"https:\/\/www.kt-coaching.de\/en\/wp-json\/wp\/v2\/pages\/94\/revisions\/7541"}],"wp:attachment":[{"href":"https:\/\/www.kt-coaching.de\/en\/wp-json\/wp\/v2\/media?parent=94"}],"curies":[{"name":"wp","href":"https:\/\/api.w.org\/{rel}","templated":true}]}}