{"id":6702,"date":"2018-05-24T08:07:55","date_gmt":"2018-05-24T06:07:55","guid":{"rendered":"http:\/\/abiball-fotografin.de\/?page_id=6702"},"modified":"2020-08-04T17:49:39","modified_gmt":"2020-08-04T15:49:39","slug":"datenschutz","status":"publish","type":"page","link":"https:\/\/www.kt-coaching.de\/en\/datenschutz\/","title":{"rendered":"Datenschutz"},"content":{"rendered":"<section class=\"l-section wpb_row height_medium\"><div class=\"l-section-h i-cf\"><div class=\"g-cols vc_row via_flex valign_top type_default stacking_default\"><div class=\"vc_col-sm-12 wpb_column vc_column_container\"><div class=\"vc_column-inner\"><div class=\"wpb_wrapper\"><div class=\"wpb_text_column\"><div class=\"wpb_wrapper\"><h1>Datenschutzerkl\u00e4rung<\/h1>\n<p><em>Informationen nach Art. 13, 14 und 21 EU Datenschutz-Grundverordnung \u2013 DSGVO.<\/em><\/p>\n<p><strong>Pr\u00e4ambel<\/strong><\/p>\n<p>Hiermit informieren wir Sie \u00fcber die Verarbeitung Ihrer personenbezogenen Daten durch uns und die Ihnen nach den datenschutzrechtlichen Regelungen zustehenden Anspr\u00fcche und Rechte. Welche Daten im Einzelnen verarbeitet und in welcher Weise genutzt werden, richtet sich ma\u00dfgeblich nach den jeweils von Ihnen beantragten bzw. mit Ihnen vereinbarten Dienstleistungen. Datenschutz hat einen besonders hohen Stellenwert f\u00fcr <strong>KT COACHING &amp; CONSULTING<\/strong>. Eine Nutzung der Internetseiten ist grunds\u00e4tzlich ohne jede Angabe personenbezogener Daten m\u00f6glich. Sofern eine betroffene Person besondere Services unseres Unternehmens \u00fcber unsere Internetseite in Anspruch nehmen m\u00f6chte, k\u00f6nnte jedoch eine Verarbeitung personenbezogener Daten erforderlich werden. Ist die Verarbeitung personenbezogener Daten erforderlich und besteht f\u00fcr eine solche Verarbeitung keine gesetzliche Grundlage, holen wir generell eine Einwilligung der betroffenen Person ein.<\/p>\n<p><strong>Wer ist f\u00fcr die Datenverarbeitung verantwortlich und an wen kann ich mich wenden?<\/strong><\/p>\n<p>Verantwortlicher im Sinne der Datenschutz-Grundverordnung, sonstiger in den Mitgliedstaaten der Europ\u00e4ischen Union geltenden Datenschutzgesetze und anderer Bestimmungen mit datenschutzrechtlichem Charakter ist:<\/p>\n<p><strong>KT COACHING &amp; CONSULTING<\/strong>, Katharina Th\u00fcnnihsen, Am Honigbaum 23, 65817 Eppstein\/Ts., Deutschland<br \/>\nTel.: 06198\/50 12 13, E-Mail: <a href=\"mailto:info@kt-coaching.de\">info@kt-coaching.de<\/a>, Website: www.kt-coaching.de<\/p>\n<p><strong>Name und Anschrift des Datenschutzbeauftragten<\/strong><\/p>\n<p>Der Datenschutzbeauftragte des f\u00fcr die Verarbeitung Verantwortlichen ist:<\/p>\n<p><strong>KT COACHING &amp; CONSULTING<\/strong>, Katharina Th\u00fcnnihsen, Am Honigbaum 23, 65817 Eppstein\/Ts., Deutschland<br \/>\nTel.: 06198\/50 12 13, E-Mail: <a href=\"mailto:info@kt-coaching.de\">info@kt-coaching.de<\/a>, Website: www.kt-coaching.de<\/p>\n<p>Jede betroffene Person kann sich jederzeit bei allen Fragen und Anregungen zum Datenschutz direkt an mich als Datenschutzbeauftragte wenden.<\/p>\n<p>Ihre Rechte und Rechtsgrundlage zur Erhebung von Personenbezogenen Daten<\/p>\n<p><strong>Erfassung von allgemeinen Daten und Informationen<\/strong><\/p>\n<p>Die Internetseiten von <strong>KT COACHING &amp; CONSULTING <\/strong>erfassen mit jedem Aufruf der Seite durch eine betroffene Person oder ein automatisiertes System eine Reihe von allgemeinen Daten und Informationen. Diese allgemeinen Daten und Informationen werden in den Logfiles des Servers gespeichert. Erfasst werden k\u00f6nnen die verwendete Browsertypen und Versionen:<\/p>\n<ul>\n<li>das vom zugreifenden System verwendete Betriebssystem,<\/li>\n<li>die Internetseite, von welcher ein zugreifendes System auf unsere Internetseite gelangt (sogenannte Referrer),<\/li>\n<li>die Unterwebseiten, welche \u00fcber ein zugreifendes System auf unserer Internetseite angesteuert werden,<\/li>\n<li>das Datum und die Uhrzeit eines Zugriffs auf die Internetseite,<\/li>\n<li>eine Internet-Protokoll-Adresse (IP-Adresse) \/ anonymisiert,<\/li>\n<li>der Internet-Service-Provider des zugreifenden Systems und<\/li>\n<li>sonstige \u00e4hnliche Daten und Informationen, die der Gefahrenabwehr im Falle von Angriffen auf unsere informationstechnologischen Systeme dienen.<\/li>\n<\/ul>\n<p>Bei der Nutzung dieser allgemeinen Daten und Informationen zieht das Unternehmen <strong>KT COACHING &amp; CONSULTING<\/strong>\u00a0keine R\u00fcckschl\u00fcsse auf die betroffene Person. Diese Informationen werden vielmehr ben\u00f6tigt, um<\/p>\n<ul>\n<li>die Inhalte unserer Internetseite korrekt auszuliefern,<\/li>\n<li>die Inhalte unserer Internetseite sowie die Werbung f\u00fcr diese zu optimieren,<\/li>\n<li>die dauerhafte Funktionsf\u00e4higkeit unserer informationstechnologischen Systeme und der Technik unserer Internetseite zu gew\u00e4hrleisten,<\/li>\n<li>um Strafverfolgungsbeh\u00f6rden im Falle eines Cyberangriffes die zur Strafverfolgung notwendigen Informationen bereitzustellen.<\/li>\n<\/ul>\n<p>Diese anonym erhobenen Daten und Informationen werden durch <strong>KT COACHING &amp; CONSULTING<\/strong>\u00a0daher einerseits statistisch und ferner mit dem Ziel ausgewertet, den Datenschutz und die Datensicherheit in unserem Unternehmen zu erh\u00f6hen, um letztlich ein optimales Schutzniveau f\u00fcr die von uns verarbeiteten personenbezogenen Daten sicherzustellen. Die anonymen Daten der Server-Logfiles werden getrennt von allen durch eine betroffene Person angegebenen personenbezogenen Daten gespeichert. F\u00fcr den Bereich der Webauswertung mit Google Analytics werden die IP-Adressen der Webseiten anonymisiert erfasst.<\/p>\n<p><strong>Welche Quellen und Daten nutzen wir?<\/strong><\/p>\n<p>Wir verarbeiten personenbezogene Daten, die wir im Rahmen unserer Gesch\u00e4ftsbeziehung von Ihnen erhalten. Zudem verarbeiten wir, soweit f\u00fcr die Erbringung unserer Dienstleistung erforderlich, personenbezogene Daten, die wir von anderen Stellen (z.B. den Einrichtungen in denen wir fotografieren, wie Schulen und Kitas) zul\u00e4ssigerweise (z.B. zur Ausf\u00fchrung von Auftr\u00e4gen, zur Erf\u00fcllung von Vertr\u00e4gen oder aufgrund einer von Ihnen erteilten Einwilligung) erhalten haben. Zum anderen verarbeiten wir personenbezogene Daten, die wir aus \u00f6ffentlich zug\u00e4nglichen Quellen (z.B. Schuldnerverzeichnisse, Presse, Medien) zul\u00e4ssigerweise gewonnen haben und verarbeiten d\u00fcrfen. Relevante personenbezogene Daten sind Personalien und Kontaktdaten (Name, Adresse, Telefonnummer und E-Mail-Adresse). Dar\u00fcber hinaus k\u00f6nnen dies auch Auftragsdaten oder Daten aus der Erf\u00fcllung unserer vertraglichen Verpflichtungen, wie Werbe- und Vertriebsdaten, Dokumentationsdaten, Daten \u00fcber Ihre Nutzung von unseren angebotenen Telemedien sowie andere mit den genannten Kategorien vergleichbare Daten sein.<\/p>\n<p><strong>Wof\u00fcr verarbeiten wir Ihre Daten (Zweck der Verarbeitung) und auf welcher Rechtsgrundlage f\u00fchren wir dies durch?<\/strong><\/p>\n<p>Wir verarbeiten personenbezogene Daten im Einklang mit den Bestimmungen der Europ\u00e4ischen Datenschutz-Grundverordnung (DSGVO) und dem Bundesdatenschutzgesetz (BDSG).<\/p>\n<p>&nbsp;<\/p>\n<p><strong>Aufgrund gesetzlicher Vorgaben (Art. 6 Abs. 1 lit. c DSGVO) oder im \u00f6ffentlichen Interesse (Art. 6 Abs. 1 lit. e DSGVO)<\/strong><\/p>\n<p>Ebenfalls verarbeiten wir personenbezogene Daten auf Grundlage von gesetzlichen Vorgaben. So speichern wir z.B. Rechnungsdaten (Name, Anschrift) auf Grundlage der bestehenden Rechtsvorschriften, wie z.B. die Aufbewahrungspflichten, die sich aus dem Handelsgesetzbuch (HGB) und der Abgabenordnung (AO) ergeben.<\/p>\n<p>&nbsp;<\/p>\n<p><strong>Wie lange werden Ihre Daten gespeichert?<\/strong><\/p>\n<p>Soweit erforderlich, verarbeiten und speichern wir Ihre personenbezogenen Daten soweit es erforderlich ist, um den Pflichten aus unseren Vertr\u00e4gen nachzukommen. Dar\u00fcber hinaus unterliegen wir verschiedenen Aufbewahrungs- und Dokumentationspflichten, die sich unter anderem aus dem Handelsgesetzbuch (HGB) und der Abgabenordnung (AO) ergeben. Die dort vorgegebenen Fristen zur Aufbewahrung bzw. Dokumentation betragen zwei bis zehn Jahre. Schlie\u00dflich beurteilt sich die Speicherdauer auch nach den gesetzlichen Verj\u00e4hrungsfristen, die zum Beispiel nach den \u00a7\u00a7 195 ff. des B\u00fcrgerlichen Gesetzbuches (BGB) in der Regel drei Jahre, in gewissen F\u00e4llen aber auch bis zu drei\u00dfig Jahre betragen k\u00f6nnen.<\/p>\n<p><strong>Werden Daten in ein Drittland oder an eine internationale Organisation \u00fcbermittelt?<\/strong><\/p>\n<p>Eine Daten\u00fcbermittlung in Drittstaaten (Staaten au\u00dferhalb des Europ\u00e4ischen Wirtschaftsraums ,EWR) findet nur statt, soweit dies zur Ausf\u00fchrung der mit Ihnen geschlossenen Vertr\u00e4ge erforderlich oder gesetzlich vorgeschrieben ist oder Sie uns Ihre Einwilligung erteilt haben. \u00dcber Einzelheiten werden wir Sie, sofern gesetzlich vorgegeben, gesondert informieren.<\/p>\n<p><strong>Wie sicher sind Ihre Daten?<\/strong><\/p>\n<p><strong>KT COACHING &amp; CONSULTING<\/strong> verf\u00fcgt \u00fcber einen bestellten Datenschutz- und IT-Sicherheitsbeauftragten. Um die Sicherheit Ihrer Daten in der gesamten Kette der Verarbeitung zu gew\u00e4hrleisten, verf\u00fcgt <strong>KT COACHING &amp; CONSULTING<\/strong> \u00fcber ein Daten- und IT-Sicherheitskonzept. Es ist ein Katalog an technischen und organisatorischen Ma\u00dfnahmen festgelegt um die Sicherheit der Daten zu gew\u00e4hrleisten.<\/p>\n<p><strong>Welche Datenschutzrechte haben Sie?<\/strong><\/p>\n<p>Jede betroffene Person hat das Recht auf Auskunft nach Art. 15 DSGVO, das Recht auf Berichtigung nach Art. 16 DSGVO, das Recht auf L\u00f6schung nach Art. 17 DSGVO, das Recht auf Einschr\u00e4nkung der Verarbeitung nach Art. 18 DSGVO sowie das Recht auf Daten\u00fcbertragbarkeit aus Art. 20 DSGVO. Beim Auskunftsrecht und beim L\u00f6schungsrecht gelten die Einschr\u00e4nkungen nach \u00a7\u00a7 34 und 35 BDSG. Dar\u00fcber hinaus besteht ein Beschwerderecht bei einer Datenschutzaufsichtsbeh\u00f6rde (Art. 77 DSGVO). Ebenso haben Sie ein Recht auf Widerruf der datenschutzrechtlichen Einwilligung und auf Widerspruch gegen die Nutzung Ihrer personenbezogenen Daten. Informationen zum Widerruf\/Widerspruch finden Sie am Ende dieser Erkl\u00e4rung.<\/p>\n<p><strong>Besteht f\u00fcr mich eine Pflicht zur Bereitstellung von Daten?<\/strong><\/p>\n<p>Im Rahmen unserer Gesch\u00e4ftsbeziehung m\u00fcssen Sie nur diejenigen personenbezogenen Daten bereitstellen, die f\u00fcr die Begr\u00fcndung, Durchf\u00fchrung und Beendigung einer Gesch\u00e4ftsbeziehung erforderlich sind oder zu deren Erhebung wir gesetzlich verpflichtet sind. Ohne diese Daten werden wir in der Regel den Abschluss des Vertrages oder die Ausf\u00fchrung des Auftrages ablehnen m\u00fcssen oder einen bestehenden Vertrag nicht mehr durchf\u00fchren k\u00f6nnen und ggf. beenden m\u00fcssen. Weiterhin ist es uns zur Erbringung kostenpflichtiger Leistungen notwendig, zus\u00e4tzliche Daten zu erfragen, wie die von Ihnen gew\u00fcnschte Zahlungsart zu verarbeiten.<\/p>\n<p><strong>Benachrichtigung \u00fcber wichtige Ereignisse<\/strong><\/p>\n<p>Bei der Anmeldung zum Bezug unserer Benachrichtigung per E-Mail und \/oder SMS werden die von Ihnen angegebenen Daten ausschlie\u00dflich f\u00fcr diesen Zweck verwendet. Hierzu protokollieren wir Ihre Einwilligung in den Erhalt der Benachrichtigung inklusive Ihrer IP-Adresse. Weitere Daten werden nicht erhoben. Die Daten werden ausschlie\u00dflich f\u00fcr den Versand von Benachrichtigungen verwendet und werden an Dritte nur zum Zwecke der Auslieferung weitergegeben. Die Einwilligung zur Verarbeitung Ihrer personenbezogener Daten und ihrer Nutzung f\u00fcr den Versand von Benachrichtigungen k\u00f6nnen Sie jederzeit widerrufen. In jeder Benachrichtigung findet sich dazu ein entsprechender Link, dar\u00fcber hinaus k\u00f6nnen Sie jederzeit Widerspruch per Mail an info@kt-coaching.de richten. Bitte beachten Sie, dass der Widerruf erst f\u00fcr die Zukunft wirkt. Verarbeitungen, die vor dem Widerruf erfolgt sind, sind davon nicht betroffen.<\/p>\n<p><strong>Weitere Informationen zur Datennutzung<\/strong><\/p>\n<p><strong>Datenschutz bei Bewerbungen und im Bewerbungsverfahren<\/strong><\/p>\n<p><strong>KT COACHING &amp; CONSULTING<\/strong> erhebt und verarbeitet die personenbezogenen Daten von Bewerbern zum Zwecke der Abwicklung des Bewerbungsverfahrens. Die Verarbeitung kann auch auf elektronischem Wege erfolgen. Dies ist insbesondere dann der Fall, wenn ein Bewerber entsprechende Bewerbungsunterlagen auf dem elektronischen Wege, z.B. via Mail oder ein auf der Internetseite befindliches Webformular, \u00fcbermittelt. Kommt ein Arbeitsvertrag mit einem Bewerber zustande, werden die \u00fcbermittelten Daten zum Zwecke der Abwicklung des Besch\u00e4ftigungsverh\u00e4ltnisses unter Beachtung der gesetzlichen Vorschriften gespeichert. Anderenfalls werden die Daten zwei Monate nach Bekanntgabe der Absageentscheidung gel\u00f6scht, sofern einer L\u00f6schung keine sonstigen berechtigten Interessen entgegenstehen.<\/p>\n<p><strong>L\u00f6schung personenbezogenen Daten<\/strong><\/p>\n<p><strong>KT COACHING &amp; CONSULTING<\/strong> verarbeitet und speichert personenbezogene Daten nur f\u00fcr den Zeitraum, der zur Erreichung des Speicherungszwecks erforderlich ist, oder dies in Gesetzen oder Vorschriften, welchen das Unternehmen unterliegt, vorgesehen wurde.<\/p>\n<p>Entf\u00e4llt der Speicherungszweck oder l\u00e4uft die vorgeschriebene Speicherfrist ab, werden die personenbezogenen Daten routinem\u00e4\u00dfig und entsprechend den gesetzlichen Vorschriften gel\u00f6scht.<\/p>\n<p><strong>Kontaktm\u00f6glichkeiten<\/strong><\/p>\n<p>Die Internetseiten von <strong>KT COACHING &amp; CONSULTING<\/strong> enthalten aufgrund von gesetzlichen Vorschriften Angaben, die eine schnelle elektronische Kontaktaufnahme zu unserem Unternehmen sowie eine unmittelbare Kommunikation mit uns erm\u00f6glichen, was auch eine E-Mail-Adresse umfasst. Sofern eine betroffene Person per E-Mail oder \u00fcber ein Kontaktformular den Kontakt mit <strong>KT COACHING &amp; CONSULTING<\/strong>aufnimmt, werden die \u00fcbermittelten personenbezogenen Daten automatisch gespeichert. Diese auf freiwilliger Basis an das Unternehmen \u00fcbermittelten personenbezogenen Daten werden f\u00fcr Zwecke der Bearbeitung oder der Kontaktaufnahme zur betroffenen Person gespeichert. Es erfolgt keine Weitergabe dieser personenbezogenen Daten an Dritte.<\/p>\n<p><strong>Registrierung auf unserer Internetseite<\/strong><\/p>\n<p>Sie haben die M\u00f6glichkeit, sich auf unseren Internetseiten unter Angabe personenbezogener Daten zu registrieren. Welche personenbezogenen Daten dabei an <strong>KT COACHING &amp; CONSULTING<\/strong>\u00a0\u00fcbermittelt werden, ergibt sich aus der jeweiligen Eingabemaske, die f\u00fcr die Registrierung verwendet wird. Die eingegebenen personenbezogenen Daten werden ausschlie\u00dflich f\u00fcr die interne Verwendung und f\u00fcr eigene Zwecke erhoben und gespeichert. SICHT<strong>STARK\u00a0<\/strong>fotodesign kann die Weitergabe an einen oder mehrere Auftragsverarbeiter (siehe hierzu Punkt 5 dieser Datenschutzerkl\u00e4rung) veranlassen, der die personenbezogenen Daten ebenfalls ausschlie\u00dflich f\u00fcr eine interne Verwendung, die dem f\u00fcr die Verarbeitung Verantwortlichen zuzurechnen ist, nutzt.<\/p>\n<p>Durch eine Registrierung auf einer der Internetseiten wird ferner die vom Internet-Service-Provider (ISP) der betroffenen Person vergebene IP-Adresse, das Datum sowie die Uhrzeit der Registrierung gespeichert. Die Speicherung dieser Daten erfolgt vor dem Hintergrund, dass nur so der Missbrauch unserer Dienste verhindert werden kann, und diese Daten im Bedarfsfall erm\u00f6glichen, begangene Straftaten aufzukl\u00e4ren. Insofern ist die Speicherung dieser Daten zur Absicherung von <strong>KT COACHING &amp; CONSULTING<\/strong>\u00a0erforderlich. Eine Weitergabe dieser Daten an Dritte erfolgt grunds\u00e4tzlich nicht, sofern keine gesetzliche Pflicht zur Weitergabe besteht oder die Weitergabe der Strafverfolgung dient.<\/p>\n<p>Die Registrierung der betroffenen Person unter freiwilliger Angabe personenbezogener Daten dient dazu, der betroffenen Person Inhalte oder Leistungen anzubieten, die naturgem\u00e4\u00df nur nach Registrierung angeboten werden k\u00f6nnen. Registrierten Personen steht die M\u00f6glichkeit frei, die bei der Registrierung angegebenen personenbezogenen Daten jederzeit abzu\u00e4ndern oder vollst\u00e4ndig aus dem Datenbestand entfernen zu lassen \u2013 siehe Punkt 9 dieser Datenschutzerkl\u00e4rung.<\/p>\n<p><strong>KT COACHING &amp; CONSULTING<\/strong> erteilt jeder betroffenen Person jederzeit auf Anfrage Auskunft dar\u00fcber, welche personenbezogenen Daten \u00fcber die betroffene Person gespeichert sind. Ferner berichtigt oder l\u00f6scht das Unternehmen personenbezogene Daten auf Wunsch oder Hinweis der betroffenen Person, soweit dem keine gesetzlichen Aufbewahrungspflichten entgegenstehen. Ein in dieser Datenschutzerkl\u00e4rung namentlich benannter Datenschutzbeauftragter von <strong>KT COACHING &amp; CONSULTING<\/strong>, steht der betroffenen Person in diesem Zusammenhang als Ansprechpartner zur Verf\u00fcgung.<\/p>\n<p><strong>Funktionen von Drittanbietern<\/strong><\/p>\n<p><strong>Cookies<\/strong><\/p>\n<p><strong>Was sind Cookies?<\/strong><\/p>\n<p>\u201eCookies\u201c sind Textdateien, die auf Ihrem Computer gespeichert werden und die eine Analyse der Benutzung der Webseite durch Sie erm\u00f6glichen.<\/p>\n<p><strong>Was genau machen Cookies?<\/strong><\/p>\n<p>Die durch das Cookie erzeugten Informationen \u00fcber Ihre Benutzung dieser Webseite werden in der Regel an einen Server \u00fcbertragen und dort gespeichert. Aufgrund der Aktivierung der IP-Anonymisierung auf einigen Webseiten, wird Ihre IP-Adresse jedoch innerhalb von Mitgliedstaaten der Europ\u00e4ischen Union oder in anderen Vertragsstaaten des Abkommens \u00fcber den Europ\u00e4ischen Wirtschaftsraum mitunter zuvor gek\u00fcrzt. Je nach Dienstleister wird eine solche IP-Adresse gek\u00fcrzt gespeichert.<\/p>\n<p><strong>Wozu werden die \u00fcbertragenen Daten genutzt?<\/strong><\/p>\n<p>Im Auftrag von <strong>KT COACHING &amp; CONSULTING<\/strong>\u00a0wird der Drittanbieter diese Informationen benutzen, um Ihre Nutzung der Webseite auszuwerten, um Reports \u00fcber die Webseitenaktivit\u00e4ten zusammenzustellen und um weitere mit der Webseitennutzung und der Internetnutzung verbundene Dienstleistungen gegen\u00fcber dem Webseitenbetreiber zu erbringen.<\/p>\n<p><strong>Wie kann man Cookies ausschalten?<\/strong><\/p>\n<p>Sie k\u00f6nnen die Speicherung der Cookies durch eine entsprechende Einstellung Ihrer Browser-Software verhindern; wir weisen Sie jedoch darauf hin, dass Sie in diesem Fall gegebenenfalls nicht s\u00e4mtliche Funktionen dieser Webseite vollumf\u00e4nglich nutzen k\u00f6nnen.\u00a0 Wir verwenden auf unserer Website die Cookies folgender Drittanbieter:<\/p>\n<p>Google Analytics mit Anonymisierungsfunktion (Weitere Informationen unter: https:\/\/support.google.com\/analytics\/answer\/6004245?hl=de)<\/p>\n<p>Google Adwords (Weitere Informationen unter: https:\/\/policies.google.com\/privacy?hl=de)<\/p>\n<p>Google Remarketing (Weitere Informationen unter: https:\/\/www.google.de\/intl\/de\/policies\/privacy\/e)<\/p>\n<p>fotograf.de (Weitere Informationen unter: Fotografen Online Service GmbH) (https:\/\/www.fotograf.de\/datenschutzhinweise\/)<\/p>\n<p>&nbsp;<\/p>\n<p><strong>16.3. Zahlarten:<\/strong><\/p>\n<p>Wir haben auf unseren Internetseiten Komponenten von PayPal integriert. PayPal ist ein Online-Zahlungsdienstleister. Ein PayPal-Konto wird \u00fcber eine E-Mail-Adresse gef\u00fchrt, weshalb es keine klassische Kontonummer gibt. PayPal erm\u00f6glicht es, Online-Zahlungen an Dritte auszul\u00f6sen oder auch Zahlungen zu empfangen. PayPal \u00fcbernimmt ferner Treuh\u00e4nderfunktionen und bietet K\u00e4uferschutzdienste an. Bei den an PayPal \u00fcbermittelten personenbezogenen Daten handelt es sich in der Regel um Vorname, Nachname, Adresse, Email-Adresse, IP-Adresse, Telefonnummer, Mobiltelefonnummer oder andere Daten, die zur Zahlungsabwicklung notwendig sind. Zur Abwicklung des Kaufvertrages notwendig sind auch solche personenbezogenen Daten, die im Zusammenhang mit der jeweiligen Bestellung stehen.<\/p>\n<p>PayPal (Europe) (S.\u00e0.r.l. &amp; Cie. S.C.A., 22-24 Boulevard Royal, 2449 Luxembourg, Luxemburg) (Weitere Infromationen unter https:\/\/www.paypal.com\/de\/webapps\/mpp\/ua\/privacy-full)<\/p>\n<p><strong>16.4. Bestehen einer automatisierten Entscheidungsfindung<\/strong><\/p>\n<p>Als verantwortungsbewusstes Unternehmen verzichten wir auf eine automatische Entscheidungsfindung oder ein Profiling.<\/p>\n<p><strong>Information \u00fcber Ihr Widerspruchsrecht nach Art. 21 DS-GVO<\/strong><\/p>\n<p><strong>Allgemeines Widerspruchsrecht<\/strong><\/p>\n<p>Sie haben das Recht, aus Gr\u00fcnden, die sich aus Ihrer besonderen Situation ergeben, jederzeit gegen die Verarbeitung Sie betreffender personenbezogener Daten, die aufgrund von Art. 6 Abs. 1 lit. f der DSGVO (Datenverarbeitung auf der Grundlage einer Interessenabw\u00e4gung) erfolgt, Widerspruch einzulegen. Legen Sie Widerspruch ein, werden wir Ihre personenbezogenen Daten nicht mehr verarbeiten, es sei denn, wir k\u00f6nnen zwingende schutzw\u00fcrdige Gr\u00fcnde f\u00fcr die Verarbeitung nachweisen, die Ihren Interessen, Rechte und Freiheiten \u00fcberwiegen oder die Verarbeitung dient der Geltendmachung, Aus\u00fcbung oder Verteidigung von Rechtsanspr\u00fcchen.<\/p>\n<p><strong>Widerspruchsrecht gegen eine Verarbeitung von Daten f\u00fcr Zwecke der Direktwerbung<\/strong><\/p>\n<p>In Einzelf\u00e4llen verarbeiten wir Ihre personenbezogenen Daten, um Direktwerbung zu betreiben. Sie haben das Recht, jederzeit Widerspruch gegen die Verarbeitung Sie betreffender personenbezogener Daten zum Zwecke derartiger Werbung einzulegen. Widersprechen Sie der Verarbeitung f\u00fcr Zwecke der Direktwerbung, so werden wir Ihre personenbezogenen Daten nicht mehr f\u00fcr diese Zwecke verarbeiten. Der Widerspruch muss schriftlich per E-Mail an folgenden Ansprechpartner gerichtet sein:<\/p>\n<p>an:<\/p>\n<p><strong>KT COACHING &amp; CONSULTING<\/strong>, Katharina Th\u00fcnnihsen, Am Honigbaum 23, 65817 Eppstein\/Ts., Deutschland<br \/>\nTel.: 06198\/50 12 13, E-Mail: <a href=\"mailto:info@kt-coaching.de\">info@kt-coaching.de<\/a>, Website: www.kt-coaching.de<\/p>\n<p>&nbsp;<\/p>\n<p>Eppstein, August 2020<\/p>\n<\/div><\/div><\/div><\/div><\/div><\/div><\/div><\/section>\n","protected":false},"excerpt":{"rendered":"Datenschutzerkl\u00e4rung Informationen nach Art. 13, 14 und 21 EU Datenschutz-Grundverordnung \u2013 DSGVO. Pr\u00e4ambel Hiermit informieren wir Sie \u00fcber die Verarbeitung Ihrer personenbezogenen Daten durch uns und die Ihnen nach den datenschutzrechtlichen Regelungen zustehenden Anspr\u00fcche und Rechte. Welche Daten im Einzelnen verarbeitet und in welcher Weise genutzt werden, richtet sich ma\u00dfgeblich nach den jeweils von Ihnen...","protected":false},"author":7,"featured_media":0,"parent":0,"menu_order":0,"comment_status":"closed","ping_status":"closed","template":"","meta":{"footnotes":""},"class_list":["post-6702","page","type-page","status-publish","hentry"],"_links":{"self":[{"href":"https:\/\/www.kt-coaching.de\/en\/wp-json\/wp\/v2\/pages\/6702","targetHints":{"allow":["GET"]}}],"collection":[{"href":"https:\/\/www.kt-coaching.de\/en\/wp-json\/wp\/v2\/pages"}],"about":[{"href":"https:\/\/www.kt-coaching.de\/en\/wp-json\/wp\/v2\/types\/page"}],"author":[{"embeddable":true,"href":"https:\/\/www.kt-coaching.de\/en\/wp-json\/wp\/v2\/users\/7"}],"replies":[{"embeddable":true,"href":"https:\/\/www.kt-coaching.de\/en\/wp-json\/wp\/v2\/comments?post=6702"}],"version-history":[{"count":5,"href":"https:\/\/www.kt-coaching.de\/en\/wp-json\/wp\/v2\/pages\/6702\/revisions"}],"predecessor-version":[{"id":7465,"href":"https:\/\/www.kt-coaching.de\/en\/wp-json\/wp\/v2\/pages\/6702\/revisions\/7465"}],"wp:attachment":[{"href":"https:\/\/www.kt-coaching.de\/en\/wp-json\/wp\/v2\/media?parent=6702"}],"curies":[{"name":"wp","href":"https:\/\/api.w.org\/{rel}","templated":true}]}}